{"id":18202,"date":"2017-06-27T08:54:08","date_gmt":"2017-06-27T06:54:08","guid":{"rendered":"http:\/\/www.montagnelagodicomo.it\/?page_id=18202\/"},"modified":"2017-06-28T09:17:02","modified_gmt":"2017-06-28T07:17:02","slug":"uber-uns","status":"publish","type":"page","link":"https:\/\/www.montagnelagodicomo.it\/de\/uber-uns\/","title":{"rendered":"\u00dcber uns"},"content":{"rendered":"<h2 style=\"text-align: center;\" align=\"CENTER\"><span style=\"color: #008000;\"><b>Willkommen in den Bergen des Comer Sees<\/b><\/span><\/h2>\n<h3 style=\"text-align: center;\" align=\"JUSTIFY\"><span style=\"color: #008000;\">Der See und die Berge bilden ein einzigartiges Ambiente, das den Besuchern ganzj\u00e4hrig eine gro\u00dfe Vielfalt an Aktivit\u00e4ten bietet und den Aufenthalt am Comer See zu einem angenehmen und wohltuenden Erlebnis f\u00fcr K\u00f6rper und Seele macht.<\/span><\/h3>\n<p align=\"JUSTIFY\">Familien, die auf der Suche nach Freiluftaktivit\u00e4ten sind, finden hier zahlreiche Freizeit- und Entspannungsm\u00f6glichkeiten. Hier kann man erste Erfahrungen in den Bergen machen, f\u00fcr jedermann geeignete Touren finden und H\u00fctten und Almen entdecken. Die lebhaften Orte am See hingegen bieten Strand, Natur und Sport, H\u00e4fen und sch\u00f6ne Strandb\u00e4der, die M\u00f6glichkeit zu Bootsfahrten und Ausfl\u00fcgen.<\/p>\n<p align=\"JUSTIFY\">Sportbegeisterte k\u00f6nnen ihre Leidenschaft inmitten der Natur leben und Segeln, Wassersport betreiben, Trekking, Alpinismus, Klettern, Gleitschirmfliegen, Ski und Winterspor aus\u00fcben: Das alles stets umgeben von einem wundervollen Panorama mit Blick auf den See oder die Berge. Bedeutende Sportveranstaltungen bieten dem nationalen und internationalen Publikum Adrenalin pur.<\/p>\n<p align=\"JUSTIFY\">In den kleinen Ortschaften werden die antike Traditionen bewahrt, die man auch heute noch bei Tisch wieder findet: die nat\u00fcrlichen Erzeugnisse der landwirtschaftlichen Betriebe und Almen treffen auf Produkte des Sees und werden nach traditionellen Rezepten angereichert mit innovativen Inspirationen zubereitet. Auch F\u00fchrungen durch gro\u00dfe und kleine Kirchen, Burgen und Museen, wie religi\u00f6se, kulturelle und historische Events sollte man sich keinesfalls entgehen lassen.<\/p>\n<p align=\"JUSTIFY\">Wir erwarten Sie, um Ihnen die Sch\u00f6nheiten und die wahren Werte unseres Territoriums zu pr\u00e4sentieren.<\/p>\n<h4>MONTAGNE DEL LAGO DI COMO &#8211; <em>LAKE COMO MOUNTAINS<\/em><br \/>\nPiazza IV Novembre, 1 23832 Crandola Valsassina (LC)<\/h4>\n<h4>Phone\/Fax: +39 0341802040<br \/>\nMobile: +39 3475102227 &#8211; +39 3336906121<br \/>\n<a href=\"http:\/\/www.montagnelagodicomo.it\/\">www.montagnelagodicomo.it<\/a> &#8211; <a href=\"mailto:info@montagnelagodicomo.it\">info@montagnelagodicomo.it<\/a><\/h4>\n","protected":false},"excerpt":{"rendered":"<p>Willkommen in den Bergen des Comer Sees Der See und die Berge bilden ein einzigartiges Ambiente, das den Besuchern ganzj\u00e4hrig eine gro\u00dfe Vielfalt an Aktivit\u00e4ten bietet und den Aufenthalt am Comer See zu einem angenehmen und wohltuenden Erlebnis f\u00fcr K\u00f6rper und Seele macht. Familien, die auf der Suche nach Freiluftaktivit\u00e4ten sind, finden hier zahlreiche Freizeit- [&hellip;]<\/p>\n","protected":false},"author":3,"featured_media":0,"parent":0,"menu_order":0,"comment_status":"open","ping_status":"open","template":"","meta":{"_acf_changed":false,"footnotes":""},"class_list":["post-18202","page","type-page","status-publish","hentry"],"acf":[],"yoast_head":"<!-- This site is optimized with the Yoast SEO plugin v25.0 - https:\/\/yoast.com\/wordpress\/plugins\/seo\/ -->\n<title>\u00dcber uns - Lago di Como e Valsassina<\/title>\n<meta name=\"robots\" content=\"index, follow, max-snippet:-1, max-image-preview:large, max-video-preview:-1\" \/>\n<link rel=\"canonical\" href=\"https:\/\/www.montagnelagodicomo.it\/de\/uber-uns\/\" \/>\n<meta property=\"og:locale\" content=\"de_DE\" \/>\n<meta property=\"og:type\" content=\"article\" \/>\n<meta property=\"og:title\" content=\"\u00dcber uns - Lago di Como e Valsassina\" \/>\n<meta property=\"og:description\" content=\"Willkommen in den Bergen des Comer Sees Der See und die Berge bilden ein einzigartiges Ambiente, das den Besuchern ganzj\u00e4hrig eine gro\u00dfe Vielfalt an Aktivit\u00e4ten bietet und den Aufenthalt am Comer See zu einem angenehmen und wohltuenden Erlebnis f\u00fcr K\u00f6rper und Seele macht. Familien, die auf der Suche nach Freiluftaktivit\u00e4ten sind, finden hier zahlreiche Freizeit- [&hellip;]\" \/>\n<meta property=\"og:url\" content=\"https:\/\/www.montagnelagodicomo.it\/de\/uber-uns\/\" \/>\n<meta property=\"og:site_name\" content=\"Lago di Como e Valsassina\" \/>\n<meta property=\"article:publisher\" content=\"https:\/\/www.facebook.com\/montagnelagodicomo\" \/>\n<meta property=\"article:modified_time\" content=\"2017-06-28T07:17:02+00:00\" \/>\n<meta name=\"twitter:card\" content=\"summary_large_image\" \/>\n<meta name=\"twitter:site\" content=\"@MontagneLago\" \/>\n<meta name=\"twitter:label1\" content=\"Gesch\u00e4tzte Lesezeit\" \/>\n\t<meta name=\"twitter:data1\" content=\"1\u00a0Minute\" \/>\n<script type=\"application\/ld+json\" class=\"yoast-schema-graph\">{\"@context\":\"https:\/\/schema.org\",\"@graph\":[{\"@type\":\"WebPage\",\"@id\":\"https:\/\/www.montagnelagodicomo.it\/de\/uber-uns\/\",\"url\":\"https:\/\/www.montagnelagodicomo.it\/de\/uber-uns\/\",\"name\":\"\u00dcber uns - Lago di Como e Valsassina\",\"isPartOf\":{\"@id\":\"https:\/\/www.montagnelagodicomo.it\/#website\"},\"datePublished\":\"2017-06-27T06:54:08+00:00\",\"dateModified\":\"2017-06-28T07:17:02+00:00\",\"breadcrumb\":{\"@id\":\"https:\/\/www.montagnelagodicomo.it\/de\/uber-uns\/#breadcrumb\"},\"inLanguage\":\"de\",\"potentialAction\":[{\"@type\":\"ReadAction\",\"target\":[\"https:\/\/www.montagnelagodicomo.it\/de\/uber-uns\/\"]}]},{\"@type\":\"BreadcrumbList\",\"@id\":\"https:\/\/www.montagnelagodicomo.it\/de\/uber-uns\/#breadcrumb\",\"itemListElement\":[{\"@type\":\"ListItem\",\"position\":1,\"name\":\"Home\",\"item\":\"https:\/\/www.montagnelagodicomo.it\/de\/\"},{\"@type\":\"ListItem\",\"position\":2,\"name\":\"\u00dcber uns\"}]},{\"@type\":\"WebSite\",\"@id\":\"https:\/\/www.montagnelagodicomo.it\/#website\",\"url\":\"https:\/\/www.montagnelagodicomo.it\/\",\"name\":\"Lago di Como e Valsassina\",\"description\":\"\",\"publisher\":{\"@id\":\"https:\/\/www.montagnelagodicomo.it\/#organization\"},\"potentialAction\":[{\"@type\":\"SearchAction\",\"target\":{\"@type\":\"EntryPoint\",\"urlTemplate\":\"https:\/\/www.montagnelagodicomo.it\/?s={search_term_string}\"},\"query-input\":{\"@type\":\"PropertyValueSpecification\",\"valueRequired\":true,\"valueName\":\"search_term_string\"}}],\"inLanguage\":\"de\"},{\"@type\":\"Organization\",\"@id\":\"https:\/\/www.montagnelagodicomo.it\/#organization\",\"name\":\"Montagne del Lago di Como\",\"url\":\"https:\/\/www.montagnelagodicomo.it\/\",\"logo\":{\"@type\":\"ImageObject\",\"inLanguage\":\"de\",\"@id\":\"https:\/\/www.montagnelagodicomo.it\/#\/schema\/logo\/image\/\",\"url\":\"https:\/\/www.montagnelagodicomo.it\/wp-content\/uploads\/2016\/07\/DEF_Montagne_LagodiComo_04112015_png.png\",\"contentUrl\":\"https:\/\/www.montagnelagodicomo.it\/wp-content\/uploads\/2016\/07\/DEF_Montagne_LagodiComo_04112015_png.png\",\"width\":2997,\"height\":835,\"caption\":\"Montagne del Lago di Como\"},\"image\":{\"@id\":\"https:\/\/www.montagnelagodicomo.it\/#\/schema\/logo\/image\/\"},\"sameAs\":[\"https:\/\/www.facebook.com\/montagnelagodicomo\",\"https:\/\/x.com\/MontagneLago\",\"https:\/\/www.youtube.com\/channel\/UCDoxghWmgQnHlQ78rzZuUjA\"]}]}<\/script>\n<!-- \/ Yoast SEO plugin. -->","yoast_head_json":{"title":"\u00dcber uns - Lago di Como e Valsassina","robots":{"index":"index","follow":"follow","max-snippet":"max-snippet:-1","max-image-preview":"max-image-preview:large","max-video-preview":"max-video-preview:-1"},"canonical":"https:\/\/www.montagnelagodicomo.it\/de\/uber-uns\/","og_locale":"de_DE","og_type":"article","og_title":"\u00dcber uns - Lago di Como e Valsassina","og_description":"Willkommen in den Bergen des Comer Sees Der See und die Berge bilden ein einzigartiges Ambiente, das den Besuchern ganzj\u00e4hrig eine gro\u00dfe Vielfalt an Aktivit\u00e4ten bietet und den Aufenthalt am Comer See zu einem angenehmen und wohltuenden Erlebnis f\u00fcr K\u00f6rper und Seele macht. Familien, die auf der Suche nach Freiluftaktivit\u00e4ten sind, finden hier zahlreiche Freizeit- [&hellip;]","og_url":"https:\/\/www.montagnelagodicomo.it\/de\/uber-uns\/","og_site_name":"Lago di Como e Valsassina","article_publisher":"https:\/\/www.facebook.com\/montagnelagodicomo","article_modified_time":"2017-06-28T07:17:02+00:00","twitter_card":"summary_large_image","twitter_site":"@MontagneLago","twitter_misc":{"Gesch\u00e4tzte Lesezeit":"1\u00a0Minute"},"schema":{"@context":"https:\/\/schema.org","@graph":[{"@type":"WebPage","@id":"https:\/\/www.montagnelagodicomo.it\/de\/uber-uns\/","url":"https:\/\/www.montagnelagodicomo.it\/de\/uber-uns\/","name":"\u00dcber uns - Lago di Como e Valsassina","isPartOf":{"@id":"https:\/\/www.montagnelagodicomo.it\/#website"},"datePublished":"2017-06-27T06:54:08+00:00","dateModified":"2017-06-28T07:17:02+00:00","breadcrumb":{"@id":"https:\/\/www.montagnelagodicomo.it\/de\/uber-uns\/#breadcrumb"},"inLanguage":"de","potentialAction":[{"@type":"ReadAction","target":["https:\/\/www.montagnelagodicomo.it\/de\/uber-uns\/"]}]},{"@type":"BreadcrumbList","@id":"https:\/\/www.montagnelagodicomo.it\/de\/uber-uns\/#breadcrumb","itemListElement":[{"@type":"ListItem","position":1,"name":"Home","item":"https:\/\/www.montagnelagodicomo.it\/de\/"},{"@type":"ListItem","position":2,"name":"\u00dcber uns"}]},{"@type":"WebSite","@id":"https:\/\/www.montagnelagodicomo.it\/#website","url":"https:\/\/www.montagnelagodicomo.it\/","name":"Lago di Como e Valsassina","description":"","publisher":{"@id":"https:\/\/www.montagnelagodicomo.it\/#organization"},"potentialAction":[{"@type":"SearchAction","target":{"@type":"EntryPoint","urlTemplate":"https:\/\/www.montagnelagodicomo.it\/?s={search_term_string}"},"query-input":{"@type":"PropertyValueSpecification","valueRequired":true,"valueName":"search_term_string"}}],"inLanguage":"de"},{"@type":"Organization","@id":"https:\/\/www.montagnelagodicomo.it\/#organization","name":"Montagne del Lago di Como","url":"https:\/\/www.montagnelagodicomo.it\/","logo":{"@type":"ImageObject","inLanguage":"de","@id":"https:\/\/www.montagnelagodicomo.it\/#\/schema\/logo\/image\/","url":"https:\/\/www.montagnelagodicomo.it\/wp-content\/uploads\/2016\/07\/DEF_Montagne_LagodiComo_04112015_png.png","contentUrl":"https:\/\/www.montagnelagodicomo.it\/wp-content\/uploads\/2016\/07\/DEF_Montagne_LagodiComo_04112015_png.png","width":2997,"height":835,"caption":"Montagne del Lago di Como"},"image":{"@id":"https:\/\/www.montagnelagodicomo.it\/#\/schema\/logo\/image\/"},"sameAs":["https:\/\/www.facebook.com\/montagnelagodicomo","https:\/\/x.com\/MontagneLago","https:\/\/www.youtube.com\/channel\/UCDoxghWmgQnHlQ78rzZuUjA"]}]}},"_links":{"self":[{"href":"https:\/\/www.montagnelagodicomo.it\/de\/wp-json\/wp\/v2\/pages\/18202","targetHints":{"allow":["GET"]}}],"collection":[{"href":"https:\/\/www.montagnelagodicomo.it\/de\/wp-json\/wp\/v2\/pages"}],"about":[{"href":"https:\/\/www.montagnelagodicomo.it\/de\/wp-json\/wp\/v2\/types\/page"}],"author":[{"embeddable":true,"href":"https:\/\/www.montagnelagodicomo.it\/de\/wp-json\/wp\/v2\/users\/3"}],"replies":[{"embeddable":true,"href":"https:\/\/www.montagnelagodicomo.it\/de\/wp-json\/wp\/v2\/comments?post=18202"}],"version-history":[{"count":2,"href":"https:\/\/www.montagnelagodicomo.it\/de\/wp-json\/wp\/v2\/pages\/18202\/revisions"}],"predecessor-version":[{"id":18287,"href":"https:\/\/www.montagnelagodicomo.it\/de\/wp-json\/wp\/v2\/pages\/18202\/revisions\/18287"}],"wp:attachment":[{"href":"https:\/\/www.montagnelagodicomo.it\/de\/wp-json\/wp\/v2\/media?parent=18202"}],"curies":[{"name":"wp","href":"https:\/\/api.w.org\/{rel}","templated":true}]}}