{"id":18200,"date":"2017-06-27T08:52:55","date_gmt":"2017-06-27T06:52:55","guid":{"rendered":"http:\/\/www.montagnelagodicomo.it\/?page_id=18200\/"},"modified":"2017-06-28T09:19:27","modified_gmt":"2017-06-28T07:19:27","slug":"qui-nous-sommes","status":"publish","type":"page","link":"https:\/\/www.montagnelagodicomo.it\/fr\/qui-nous-sommes\/","title":{"rendered":"Qui nous sommes"},"content":{"rendered":"<h2 lang=\"fr-FR\" align=\"CENTER\"><span style=\"color: #008000;\"><b>Bienvenue sur les Montagnes du Lac de C\u00f4me<\/b><\/span><\/h2>\n<h3 lang=\"fr-FR\" style=\"text-align: center;\" align=\"JUSTIFY\"><span style=\"color: #008000;\">Le lac et la montagne s\u2019unissent, pour offrir pendant toutes les saisons de l\u2019ann\u00e9e, d\u2019agr\u00e9ables exp\u00e9riences de vie saine, dans un splendide sc\u00e9nario naturel.<\/span><\/h3>\n<p lang=\"fr-FR\" align=\"JUSTIFY\">Les familles, \u00e0 la recherche d\u2019activit\u00e9 en plein air, trouvent de nombreuses occasions de divertissement et de d\u00e9tente. Elles peuvent faire l\u2019exp\u00e9rience de la vie de montagne, avec des promenades adapt\u00e9es \u00e0 tous, en d\u00e9couvrant des refuges et des alpages. Les localit\u00e9s vivantes du lac proposent une vie de plage, nature et sport, avec des ports et des lidos \u00e9quip\u00e9s, des randonn\u00e9es en bateau et des excursions.<\/p>\n<p lang=\"fr-FR\" align=\"JUSTIFY\">Les sportifs peuvent vivre leurs passions, plong\u00e9s au c\u0153ur de la nature, en pratiquant activement la voile et les sports aquatiques, le trekking, l&rsquo;alpinisme, l&rsquo;escalade, le parapente, le ski et les sports d\u2019hiver, entour\u00e9s d\u2019un panorama qui alterne des vues sur le lac et sur les monts. D\u2019importants \u00e9v\u00e9nements sportifs offrent de nombreuses \u00e9motions au public national et international passionn\u00e9.<\/p>\n<p lang=\"fr-FR\" align=\"JUSTIFY\">Les petits bourgs conservent d\u2019antiques coutumes, que l\u2019on retrouve \u00e9galement \u00e0 table, quand les produits naturels des fermes et des alpages rencontrent ceux du lac, selon les recettes de la tradition ou avec des propositions innovatrices. A d\u00e9couvrir des \u00e9glises grandes et petites, ch\u00e2teaux et mus\u00e9es \u00e0 travers des parcours de visite et des \u00e9v\u00e9nements religieux, culturels et historiques.<\/p>\n<p lang=\"fr-FR\" align=\"JUSTIFY\">Nous vous attendons, pour d\u00e9couvrir et vivre ensemble la beaut\u00e9 et les valeurs authentiques de notre territoire.<\/p>\n<h4>MONTAGNE DEL LAGO DI COMO &#8211; <em>LAKE COMO MOUNTAINS<\/em><br \/>\nPiazza IV Novembre, 1 23832 Crandola Valsassina (LC)<\/h4>\n<h4>Phone\/Fax: +39 0341802040<br \/>\nMobile: +39 3475102227 &#8211; +39 3336906121<br \/>\n<a href=\"http:\/\/www.montagnelagodicomo.it\/\">www.montagnelagodicomo.it<\/a> &#8211; <a href=\"mailto:info@montagnelagodicomo.it\">info@montagnelagodicomo.it<\/a><\/h4>\n","protected":false},"excerpt":{"rendered":"<p>Bienvenue sur les Montagnes du Lac de C\u00f4me Le lac et la montagne s\u2019unissent, pour offrir pendant toutes les saisons de l\u2019ann\u00e9e, d\u2019agr\u00e9ables exp\u00e9riences de vie saine, dans un splendide sc\u00e9nario naturel. Les familles, \u00e0 la recherche d\u2019activit\u00e9 en plein air, trouvent de nombreuses occasions de divertissement et de d\u00e9tente. Elles peuvent faire l\u2019exp\u00e9rience de [&hellip;]<\/p>\n","protected":false},"author":3,"featured_media":0,"parent":0,"menu_order":0,"comment_status":"open","ping_status":"open","template":"","meta":{"_acf_changed":false,"footnotes":""},"class_list":["post-18200","page","type-page","status-publish","hentry"],"acf":[],"yoast_head":"<!-- This site is optimized with the Yoast SEO plugin v25.0 - https:\/\/yoast.com\/wordpress\/plugins\/seo\/ -->\n<title>Qui nous sommes - Lago di Como e Valsassina<\/title>\n<meta name=\"robots\" content=\"index, follow, max-snippet:-1, max-image-preview:large, max-video-preview:-1\" \/>\n<link rel=\"canonical\" href=\"https:\/\/www.montagnelagodicomo.it\/fr\/qui-nous-sommes\/\" \/>\n<meta property=\"og:locale\" content=\"fr_FR\" \/>\n<meta property=\"og:type\" content=\"article\" \/>\n<meta property=\"og:title\" content=\"Qui nous sommes - Lago di Como e Valsassina\" \/>\n<meta property=\"og:description\" content=\"Bienvenue sur les Montagnes du Lac de C\u00f4me Le lac et la montagne s\u2019unissent, pour offrir pendant toutes les saisons de l\u2019ann\u00e9e, d\u2019agr\u00e9ables exp\u00e9riences de vie saine, dans un splendide sc\u00e9nario naturel. Les familles, \u00e0 la recherche d\u2019activit\u00e9 en plein air, trouvent de nombreuses occasions de divertissement et de d\u00e9tente. Elles peuvent faire l\u2019exp\u00e9rience de [&hellip;]\" \/>\n<meta property=\"og:url\" content=\"https:\/\/www.montagnelagodicomo.it\/fr\/qui-nous-sommes\/\" \/>\n<meta property=\"og:site_name\" content=\"Lago di Como e Valsassina\" \/>\n<meta property=\"article:publisher\" content=\"https:\/\/www.facebook.com\/montagnelagodicomo\" \/>\n<meta property=\"article:modified_time\" content=\"2017-06-28T07:19:27+00:00\" \/>\n<meta name=\"twitter:card\" content=\"summary_large_image\" \/>\n<meta name=\"twitter:site\" content=\"@MontagneLago\" \/>\n<meta name=\"twitter:label1\" content=\"Dur\u00e9e de lecture estim\u00e9e\" \/>\n\t<meta name=\"twitter:data1\" content=\"1 minute\" \/>\n<script type=\"application\/ld+json\" class=\"yoast-schema-graph\">{\"@context\":\"https:\/\/schema.org\",\"@graph\":[{\"@type\":\"WebPage\",\"@id\":\"https:\/\/www.montagnelagodicomo.it\/fr\/qui-nous-sommes\/\",\"url\":\"https:\/\/www.montagnelagodicomo.it\/fr\/qui-nous-sommes\/\",\"name\":\"Qui nous sommes - Lago di Como e Valsassina\",\"isPartOf\":{\"@id\":\"https:\/\/www.montagnelagodicomo.it\/#website\"},\"datePublished\":\"2017-06-27T06:52:55+00:00\",\"dateModified\":\"2017-06-28T07:19:27+00:00\",\"breadcrumb\":{\"@id\":\"https:\/\/www.montagnelagodicomo.it\/fr\/qui-nous-sommes\/#breadcrumb\"},\"inLanguage\":\"fr-FR\",\"potentialAction\":[{\"@type\":\"ReadAction\",\"target\":[\"https:\/\/www.montagnelagodicomo.it\/fr\/qui-nous-sommes\/\"]}]},{\"@type\":\"BreadcrumbList\",\"@id\":\"https:\/\/www.montagnelagodicomo.it\/fr\/qui-nous-sommes\/#breadcrumb\",\"itemListElement\":[{\"@type\":\"ListItem\",\"position\":1,\"name\":\"Home\",\"item\":\"https:\/\/www.montagnelagodicomo.it\/fr\/\"},{\"@type\":\"ListItem\",\"position\":2,\"name\":\"Qui nous sommes\"}]},{\"@type\":\"WebSite\",\"@id\":\"https:\/\/www.montagnelagodicomo.it\/#website\",\"url\":\"https:\/\/www.montagnelagodicomo.it\/\",\"name\":\"Lago di Como e Valsassina\",\"description\":\"\",\"publisher\":{\"@id\":\"https:\/\/www.montagnelagodicomo.it\/#organization\"},\"potentialAction\":[{\"@type\":\"SearchAction\",\"target\":{\"@type\":\"EntryPoint\",\"urlTemplate\":\"https:\/\/www.montagnelagodicomo.it\/?s={search_term_string}\"},\"query-input\":{\"@type\":\"PropertyValueSpecification\",\"valueRequired\":true,\"valueName\":\"search_term_string\"}}],\"inLanguage\":\"fr-FR\"},{\"@type\":\"Organization\",\"@id\":\"https:\/\/www.montagnelagodicomo.it\/#organization\",\"name\":\"Montagne del Lago di Como\",\"url\":\"https:\/\/www.montagnelagodicomo.it\/\",\"logo\":{\"@type\":\"ImageObject\",\"inLanguage\":\"fr-FR\",\"@id\":\"https:\/\/www.montagnelagodicomo.it\/#\/schema\/logo\/image\/\",\"url\":\"https:\/\/www.montagnelagodicomo.it\/wp-content\/uploads\/2016\/07\/DEF_Montagne_LagodiComo_04112015_png.png\",\"contentUrl\":\"https:\/\/www.montagnelagodicomo.it\/wp-content\/uploads\/2016\/07\/DEF_Montagne_LagodiComo_04112015_png.png\",\"width\":2997,\"height\":835,\"caption\":\"Montagne del Lago di Como\"},\"image\":{\"@id\":\"https:\/\/www.montagnelagodicomo.it\/#\/schema\/logo\/image\/\"},\"sameAs\":[\"https:\/\/www.facebook.com\/montagnelagodicomo\",\"https:\/\/x.com\/MontagneLago\",\"https:\/\/www.youtube.com\/channel\/UCDoxghWmgQnHlQ78rzZuUjA\"]}]}<\/script>\n<!-- \/ Yoast SEO plugin. -->","yoast_head_json":{"title":"Qui nous sommes - Lago di Como e Valsassina","robots":{"index":"index","follow":"follow","max-snippet":"max-snippet:-1","max-image-preview":"max-image-preview:large","max-video-preview":"max-video-preview:-1"},"canonical":"https:\/\/www.montagnelagodicomo.it\/fr\/qui-nous-sommes\/","og_locale":"fr_FR","og_type":"article","og_title":"Qui nous sommes - Lago di Como e Valsassina","og_description":"Bienvenue sur les Montagnes du Lac de C\u00f4me Le lac et la montagne s\u2019unissent, pour offrir pendant toutes les saisons de l\u2019ann\u00e9e, d\u2019agr\u00e9ables exp\u00e9riences de vie saine, dans un splendide sc\u00e9nario naturel. Les familles, \u00e0 la recherche d\u2019activit\u00e9 en plein air, trouvent de nombreuses occasions de divertissement et de d\u00e9tente. Elles peuvent faire l\u2019exp\u00e9rience de [&hellip;]","og_url":"https:\/\/www.montagnelagodicomo.it\/fr\/qui-nous-sommes\/","og_site_name":"Lago di Como e Valsassina","article_publisher":"https:\/\/www.facebook.com\/montagnelagodicomo","article_modified_time":"2017-06-28T07:19:27+00:00","twitter_card":"summary_large_image","twitter_site":"@MontagneLago","twitter_misc":{"Dur\u00e9e de lecture estim\u00e9e":"1 minute"},"schema":{"@context":"https:\/\/schema.org","@graph":[{"@type":"WebPage","@id":"https:\/\/www.montagnelagodicomo.it\/fr\/qui-nous-sommes\/","url":"https:\/\/www.montagnelagodicomo.it\/fr\/qui-nous-sommes\/","name":"Qui nous sommes - Lago di Como e Valsassina","isPartOf":{"@id":"https:\/\/www.montagnelagodicomo.it\/#website"},"datePublished":"2017-06-27T06:52:55+00:00","dateModified":"2017-06-28T07:19:27+00:00","breadcrumb":{"@id":"https:\/\/www.montagnelagodicomo.it\/fr\/qui-nous-sommes\/#breadcrumb"},"inLanguage":"fr-FR","potentialAction":[{"@type":"ReadAction","target":["https:\/\/www.montagnelagodicomo.it\/fr\/qui-nous-sommes\/"]}]},{"@type":"BreadcrumbList","@id":"https:\/\/www.montagnelagodicomo.it\/fr\/qui-nous-sommes\/#breadcrumb","itemListElement":[{"@type":"ListItem","position":1,"name":"Home","item":"https:\/\/www.montagnelagodicomo.it\/fr\/"},{"@type":"ListItem","position":2,"name":"Qui nous sommes"}]},{"@type":"WebSite","@id":"https:\/\/www.montagnelagodicomo.it\/#website","url":"https:\/\/www.montagnelagodicomo.it\/","name":"Lago di Como e Valsassina","description":"","publisher":{"@id":"https:\/\/www.montagnelagodicomo.it\/#organization"},"potentialAction":[{"@type":"SearchAction","target":{"@type":"EntryPoint","urlTemplate":"https:\/\/www.montagnelagodicomo.it\/?s={search_term_string}"},"query-input":{"@type":"PropertyValueSpecification","valueRequired":true,"valueName":"search_term_string"}}],"inLanguage":"fr-FR"},{"@type":"Organization","@id":"https:\/\/www.montagnelagodicomo.it\/#organization","name":"Montagne del Lago di Como","url":"https:\/\/www.montagnelagodicomo.it\/","logo":{"@type":"ImageObject","inLanguage":"fr-FR","@id":"https:\/\/www.montagnelagodicomo.it\/#\/schema\/logo\/image\/","url":"https:\/\/www.montagnelagodicomo.it\/wp-content\/uploads\/2016\/07\/DEF_Montagne_LagodiComo_04112015_png.png","contentUrl":"https:\/\/www.montagnelagodicomo.it\/wp-content\/uploads\/2016\/07\/DEF_Montagne_LagodiComo_04112015_png.png","width":2997,"height":835,"caption":"Montagne del Lago di Como"},"image":{"@id":"https:\/\/www.montagnelagodicomo.it\/#\/schema\/logo\/image\/"},"sameAs":["https:\/\/www.facebook.com\/montagnelagodicomo","https:\/\/x.com\/MontagneLago","https:\/\/www.youtube.com\/channel\/UCDoxghWmgQnHlQ78rzZuUjA"]}]}},"_links":{"self":[{"href":"https:\/\/www.montagnelagodicomo.it\/fr\/wp-json\/wp\/v2\/pages\/18200","targetHints":{"allow":["GET"]}}],"collection":[{"href":"https:\/\/www.montagnelagodicomo.it\/fr\/wp-json\/wp\/v2\/pages"}],"about":[{"href":"https:\/\/www.montagnelagodicomo.it\/fr\/wp-json\/wp\/v2\/types\/page"}],"author":[{"embeddable":true,"href":"https:\/\/www.montagnelagodicomo.it\/fr\/wp-json\/wp\/v2\/users\/3"}],"replies":[{"embeddable":true,"href":"https:\/\/www.montagnelagodicomo.it\/fr\/wp-json\/wp\/v2\/comments?post=18200"}],"version-history":[{"count":2,"href":"https:\/\/www.montagnelagodicomo.it\/fr\/wp-json\/wp\/v2\/pages\/18200\/revisions"}],"predecessor-version":[{"id":18288,"href":"https:\/\/www.montagnelagodicomo.it\/fr\/wp-json\/wp\/v2\/pages\/18200\/revisions\/18288"}],"wp:attachment":[{"href":"https:\/\/www.montagnelagodicomo.it\/fr\/wp-json\/wp\/v2\/media?parent=18200"}],"curies":[{"name":"wp","href":"https:\/\/api.w.org\/{rel}","templated":true}]}}